{"id":120,"date":"2022-10-18T13:56:56","date_gmt":"2022-10-18T11:56:56","guid":{"rendered":"http:\/\/easyconso.com\/?page_id=120"},"modified":"2022-10-18T15:30:26","modified_gmt":"2022-10-18T13:30:26","slug":"acceuil","status":"publish","type":"page","link":"https:\/\/easyconso.com\/","title":{"rendered":"Acceuil"},"content":{"rendered":"\t\t<div data-elementor-type=\"wp-page\" data-elementor-id=\"120\" class=\"elementor elementor-120\">\n\t\t\t\t\t\t\t\t\t<section class=\"elementor-section elementor-top-section elementor-element elementor-element-fde088a elementor-section-boxed elementor-section-height-default elementor-section-height-default\" data-id=\"fde088a\" data-element_type=\"section\">\n\t\t\t\t\t\t<div class=\"elementor-container elementor-column-gap-default\">\n\t\t\t\t\t<div class=\"elementor-column elementor-col-100 elementor-top-column elementor-element elementor-element-843ccf3\" data-id=\"843ccf3\" data-element_type=\"column\">\n\t\t\t<div class=\"elementor-widget-wrap elementor-element-populated\">\n\t\t\t\t\t\t\t\t<div class=\"elementor-element elementor-element-5a6c336 elementor-widget elementor-widget-spacer\" data-id=\"5a6c336\" data-element_type=\"widget\" data-widget_type=\"spacer.default\">\n\t\t\t\t<div class=\"elementor-widget-container\">\n\t\t\t<style>\/*! elementor - v3.7.8 - 02-10-2022 *\/\n.elementor-column .elementor-spacer-inner{height:var(--spacer-size)}.e-container{--container-widget-width:100%}.e-container>.elementor-widget-spacer{width:var(--container-widget-width,var(--spacer-size));-ms-flex-item-align:stretch;align-self:stretch;-ms-flex-negative:0;flex-shrink:0}.e-container>.elementor-widget-spacer>.elementor-widget-container,.e-container>.elementor-widget-spacer>.elementor-widget-container>.elementor-spacer{height:100%}.e-container>.elementor-widget-spacer>.elementor-widget-container>.elementor-spacer>.elementor-spacer-inner{height:var(--container-widget-height,var(--spacer-size))}<\/style>\t\t<div class=\"elementor-spacer\">\n\t\t\t<div class=\"elementor-spacer-inner\"><\/div>\n\t\t<\/div>\n\t\t\t\t<\/div>\n\t\t\t\t<\/div>\n\t\t\t\t\t<\/div>\n\t\t<\/div>\n\t\t\t\t\t\t\t<\/div>\n\t\t<\/section>\n\t\t\t\t<section class=\"elementor-section elementor-top-section elementor-element elementor-element-efde2f5 elementor-section-boxed elementor-section-height-default elementor-section-height-default\" data-id=\"efde2f5\" data-element_type=\"section\">\n\t\t\t\t\t\t<div class=\"elementor-container elementor-column-gap-default\">\n\t\t\t\t\t<div class=\"elementor-column elementor-col-100 elementor-top-column elementor-element elementor-element-cea5a40\" data-id=\"cea5a40\" data-element_type=\"column\">\n\t\t\t<div class=\"elementor-widget-wrap elementor-element-populated\">\n\t\t\t\t\t\t\t\t<div class=\"elementor-element elementor-element-ca8a0c1 elementor-invisible elementor-widget elementor-widget-text-editor\" data-id=\"ca8a0c1\" data-element_type=\"widget\" data-settings=\"{&quot;_animation&quot;:&quot;fadeIn&quot;}\" data-widget_type=\"text-editor.default\">\n\t\t\t\t<div class=\"elementor-widget-container\">\n\t\t\t<style>\/*! elementor - v3.7.8 - 02-10-2022 *\/\n.elementor-widget-text-editor.elementor-drop-cap-view-stacked .elementor-drop-cap{background-color:#818a91;color:#fff}.elementor-widget-text-editor.elementor-drop-cap-view-framed .elementor-drop-cap{color:#818a91;border:3px solid;background-color:transparent}.elementor-widget-text-editor:not(.elementor-drop-cap-view-default) .elementor-drop-cap{margin-top:8px}.elementor-widget-text-editor:not(.elementor-drop-cap-view-default) .elementor-drop-cap-letter{width:1em;height:1em}.elementor-widget-text-editor .elementor-drop-cap{float:left;text-align:center;line-height:1;font-size:50px}.elementor-widget-text-editor .elementor-drop-cap-letter{display:inline-block}<\/style>\t\t\t\t<p><strong>EasyConso<\/strong> regroupe les 5 soci\u00e9t\u00e9s suivantes. Chacune d&rsquo;entre elles op\u00e8rent dans un secteur d&rsquo;activit\u00e9 <strong>diff\u00e9rent<\/strong>.\u00a0<\/p>\t\t\t\t\t\t<\/div>\n\t\t\t\t<\/div>\n\t\t\t\t<div class=\"elementor-element elementor-element-8e66483 elementor-widget elementor-widget-spacer\" data-id=\"8e66483\" data-element_type=\"widget\" data-widget_type=\"spacer.default\">\n\t\t\t\t<div class=\"elementor-widget-container\">\n\t\t\t\t\t<div class=\"elementor-spacer\">\n\t\t\t<div class=\"elementor-spacer-inner\"><\/div>\n\t\t<\/div>\n\t\t\t\t<\/div>\n\t\t\t\t<\/div>\n\t\t\t\t<div class=\"elementor-element elementor-element-451c069 elementor-invisible elementor-widget elementor-widget-image\" data-id=\"451c069\" data-element_type=\"widget\" data-settings=\"{&quot;_animation&quot;:&quot;pulse&quot;}\" data-widget_type=\"image.default\">\n\t\t\t\t<div class=\"elementor-widget-container\">\n\t\t\t<style>\/*! elementor - v3.7.8 - 02-10-2022 *\/\n.elementor-widget-image{text-align:center}.elementor-widget-image a{display:inline-block}.elementor-widget-image a img[src$=\".svg\"]{width:48px}.elementor-widget-image img{vertical-align:middle;display:inline-block}<\/style>\t\t\t\t\t\t\t\t\t\t\t\t\t<a href=\"https:\/\/serialburger.fr\/\">\n\t\t\t\t\t\t\t<img width=\"943\" height=\"161\" src=\"https:\/\/easyconso.com\/wp-content\/uploads\/2022\/10\/bouton-serial.png\" class=\"attachment-2048x2048 size-2048x2048\" alt=\"\" loading=\"lazy\" srcset=\"https:\/\/easyconso.com\/wp-content\/uploads\/2022\/10\/bouton-serial.png 943w, https:\/\/easyconso.com\/wp-content\/uploads\/2022\/10\/bouton-serial-300x51.png 300w, https:\/\/easyconso.com\/wp-content\/uploads\/2022\/10\/bouton-serial-768x131.png 768w\" sizes=\"100vw\" \/>\t\t\t\t\t\t\t\t<\/a>\n\t\t\t\t\t\t\t\t\t\t\t\t\t\t\t<\/div>\n\t\t\t\t<\/div>\n\t\t\t\t<div class=\"elementor-element elementor-element-02edcad elementor-invisible elementor-widget elementor-widget-text-editor\" data-id=\"02edcad\" data-element_type=\"widget\" data-settings=\"{&quot;_animation&quot;:&quot;fadeIn&quot;}\" data-widget_type=\"text-editor.default\">\n\t\t\t\t<div class=\"elementor-widget-container\">\n\t\t\t\t\t\t\t<h5>\u00a0<\/h5><p><strong>Serial Burger<\/strong>, votre nouveau concept Bistrot-Burger, vous propose de d\u00e9guster des\u00a0BURGERS de qualit\u00e9\u00a0tout en profitant d\u2019un cadre agr\u00e9able et chaleureux o\u00f9\u00a0<strong>l\u2019univers des S\u00e9ries TV<\/strong>, des ann\u00e9es 80 \u00e0 nos jours, vous fera revivre d\u2019innombrables souvenirs.<\/p>\t\t\t\t\t\t<\/div>\n\t\t\t\t<\/div>\n\t\t\t\t<div class=\"elementor-element elementor-element-ada10fc elementor-widget elementor-widget-spacer\" data-id=\"ada10fc\" data-element_type=\"widget\" data-widget_type=\"spacer.default\">\n\t\t\t\t<div class=\"elementor-widget-container\">\n\t\t\t\t\t<div class=\"elementor-spacer\">\n\t\t\t<div class=\"elementor-spacer-inner\"><\/div>\n\t\t<\/div>\n\t\t\t\t<\/div>\n\t\t\t\t<\/div>\n\t\t\t\t<div class=\"elementor-element elementor-element-73e0a5b elementor-invisible elementor-widget elementor-widget-image\" data-id=\"73e0a5b\" data-element_type=\"widget\" data-settings=\"{&quot;_animation&quot;:&quot;pulse&quot;}\" data-widget_type=\"image.default\">\n\t\t\t\t<div class=\"elementor-widget-container\">\n\t\t\t\t\t\t\t\t\t\t\t\t\t\t\t\t<a href=\"http:\/\/laselfiebox.com\/\">\n\t\t\t\t\t\t\t<img width=\"525\" height=\"90\" src=\"https:\/\/easyconso.com\/wp-content\/uploads\/2022\/10\/bouton-selfie-768x131.png\" class=\"attachment-medium_large size-medium_large\" alt=\"\" loading=\"lazy\" srcset=\"https:\/\/easyconso.com\/wp-content\/uploads\/2022\/10\/bouton-selfie-768x131.png 768w, https:\/\/easyconso.com\/wp-content\/uploads\/2022\/10\/bouton-selfie-300x51.png 300w, https:\/\/easyconso.com\/wp-content\/uploads\/2022\/10\/bouton-selfie.png 943w\" sizes=\"100vw\" \/>\t\t\t\t\t\t\t\t<\/a>\n\t\t\t\t\t\t\t\t\t\t\t\t\t\t\t<\/div>\n\t\t\t\t<\/div>\n\t\t\t\t<div class=\"elementor-element elementor-element-a2389b4 elementor-widget elementor-widget-text-editor\" data-id=\"a2389b4\" data-element_type=\"widget\" data-widget_type=\"text-editor.default\">\n\t\t\t\t<div class=\"elementor-widget-container\">\n\t\t\t\t\t\t\t<p>Id\u00e9als pour tous types <strong>d\u2019\u00e9v\u00e9nements<\/strong>, nos robots photos seront anim\u00e9s par notre \u00e9quipe et permettent une impression imm\u00e9diate de vos photos, afin que vos moments restent <strong>grav\u00e9s dans la m\u00e9moire<\/strong> de tous vos invit\u00e9s !<\/p>\t\t\t\t\t\t<\/div>\n\t\t\t\t<\/div>\n\t\t\t\t<div class=\"elementor-element elementor-element-37c8430 elementor-widget elementor-widget-spacer\" data-id=\"37c8430\" data-element_type=\"widget\" data-widget_type=\"spacer.default\">\n\t\t\t\t<div class=\"elementor-widget-container\">\n\t\t\t\t\t<div class=\"elementor-spacer\">\n\t\t\t<div class=\"elementor-spacer-inner\"><\/div>\n\t\t<\/div>\n\t\t\t\t<\/div>\n\t\t\t\t<\/div>\n\t\t\t\t<div class=\"elementor-element elementor-element-9cdedf1 elementor-invisible elementor-widget elementor-widget-image\" data-id=\"9cdedf1\" data-element_type=\"widget\" data-settings=\"{&quot;_animation&quot;:&quot;pulse&quot;}\" data-widget_type=\"image.default\">\n\t\t\t\t<div class=\"elementor-widget-container\">\n\t\t\t\t\t\t\t\t\t\t\t\t\t\t\t<img width=\"525\" height=\"90\" src=\"https:\/\/easyconso.com\/wp-content\/uploads\/2022\/10\/Bouton-PI.png\" class=\"attachment-large size-large\" alt=\"\" loading=\"lazy\" srcset=\"https:\/\/easyconso.com\/wp-content\/uploads\/2022\/10\/Bouton-PI.png 943w, https:\/\/easyconso.com\/wp-content\/uploads\/2022\/10\/Bouton-PI-300x51.png 300w, https:\/\/easyconso.com\/wp-content\/uploads\/2022\/10\/Bouton-PI-768x131.png 768w\" sizes=\"100vw\" \/>\t\t\t\t\t\t\t\t\t\t\t\t\t\t\t<\/div>\n\t\t\t\t<\/div>\n\t\t\t\t<div class=\"elementor-element elementor-element-27abf34 elementor-widget elementor-widget-text-editor\" data-id=\"27abf34\" data-element_type=\"widget\" data-widget_type=\"text-editor.default\">\n\t\t\t\t<div class=\"elementor-widget-container\">\n\t\t\t\t\t\t\t<p>Lorem ipsum dolor sit amet, consectetur adipiscing elit. Ut elit tellus, luctus nec ullamcorper mattis, pulvinar dapibus leo.<\/p>\t\t\t\t\t\t<\/div>\n\t\t\t\t<\/div>\n\t\t\t\t<div class=\"elementor-element elementor-element-114a483 elementor-widget elementor-widget-spacer\" data-id=\"114a483\" data-element_type=\"widget\" data-widget_type=\"spacer.default\">\n\t\t\t\t<div class=\"elementor-widget-container\">\n\t\t\t\t\t<div class=\"elementor-spacer\">\n\t\t\t<div class=\"elementor-spacer-inner\"><\/div>\n\t\t<\/div>\n\t\t\t\t<\/div>\n\t\t\t\t<\/div>\n\t\t\t\t<div class=\"elementor-element elementor-element-7d05714 elementor-invisible elementor-widget elementor-widget-image\" data-id=\"7d05714\" data-element_type=\"widget\" data-settings=\"{&quot;_animation&quot;:&quot;pulse&quot;}\" data-widget_type=\"image.default\">\n\t\t\t\t<div class=\"elementor-widget-container\">\n\t\t\t\t\t\t\t\t\t\t\t\t\t\t\t\t<a href=\"http:\/\/easycomm.lu\/\">\n\t\t\t\t\t\t\t<img width=\"525\" height=\"90\" src=\"https:\/\/easyconso.com\/wp-content\/uploads\/2022\/10\/Bouton-Easycomm.png\" class=\"attachment-large size-large\" alt=\"\" loading=\"lazy\" srcset=\"https:\/\/easyconso.com\/wp-content\/uploads\/2022\/10\/Bouton-Easycomm.png 943w, https:\/\/easyconso.com\/wp-content\/uploads\/2022\/10\/Bouton-Easycomm-300x51.png 300w, https:\/\/easyconso.com\/wp-content\/uploads\/2022\/10\/Bouton-Easycomm-768x131.png 768w\" sizes=\"100vw\" \/>\t\t\t\t\t\t\t\t<\/a>\n\t\t\t\t\t\t\t\t\t\t\t\t\t\t\t<\/div>\n\t\t\t\t<\/div>\n\t\t\t\t<div class=\"elementor-element elementor-element-7f7beef elementor-widget elementor-widget-text-editor\" data-id=\"7f7beef\" data-element_type=\"widget\" data-widget_type=\"text-editor.default\">\n\t\t\t\t<div class=\"elementor-widget-container\">\n\t\t\t\t\t\t\t<p><strong>EASYCOMM<\/strong> vous propose tout l\u2019essentiel \u201cPub\u201d afin de mettre en valeur votre soci\u00e9t\u00e9 et renvoyer une belle image envers vos clients.<strong> Des produits personnalis\u00e9s pour tous vos besoins<\/strong> : brochures, flyers, affiches, carte de visite, objets publicitaires..<\/p>\t\t\t\t\t\t<\/div>\n\t\t\t\t<\/div>\n\t\t\t\t<div class=\"elementor-element elementor-element-2b8a10e elementor-widget elementor-widget-spacer\" data-id=\"2b8a10e\" data-element_type=\"widget\" data-widget_type=\"spacer.default\">\n\t\t\t\t<div class=\"elementor-widget-container\">\n\t\t\t\t\t<div class=\"elementor-spacer\">\n\t\t\t<div class=\"elementor-spacer-inner\"><\/div>\n\t\t<\/div>\n\t\t\t\t<\/div>\n\t\t\t\t<\/div>\n\t\t\t\t<div class=\"elementor-element elementor-element-61bd41f elementor-invisible elementor-widget elementor-widget-image\" data-id=\"61bd41f\" data-element_type=\"widget\" data-settings=\"{&quot;_animation&quot;:&quot;pulse&quot;}\" data-widget_type=\"image.default\">\n\t\t\t\t<div class=\"elementor-widget-container\">\n\t\t\t\t\t\t\t\t\t\t\t\t\t\t\t\t<a href=\"https:\/\/www.passtime.eu\/\">\n\t\t\t\t\t\t\t<img width=\"525\" height=\"90\" src=\"https:\/\/easyconso.com\/wp-content\/uploads\/2022\/10\/Passtime-bouton.png\" class=\"attachment-large size-large\" alt=\"\" loading=\"lazy\" srcset=\"https:\/\/easyconso.com\/wp-content\/uploads\/2022\/10\/Passtime-bouton.png 943w, https:\/\/easyconso.com\/wp-content\/uploads\/2022\/10\/Passtime-bouton-300x51.png 300w, https:\/\/easyconso.com\/wp-content\/uploads\/2022\/10\/Passtime-bouton-768x131.png 768w\" sizes=\"100vw\" \/>\t\t\t\t\t\t\t\t<\/a>\n\t\t\t\t\t\t\t\t\t\t\t\t\t\t\t<\/div>\n\t\t\t\t<\/div>\n\t\t\t\t<div class=\"elementor-element elementor-element-527795a elementor-widget elementor-widget-text-editor\" data-id=\"527795a\" data-element_type=\"widget\" data-widget_type=\"text-editor.default\">\n\t\t\t\t<div class=\"elementor-widget-container\">\n\t\t\t\t\t\t\t<p><strong>R\u00e9ductions<\/strong> quand bon vous semble, tout au long de l&rsquo;ann\u00e9e et <strong>pas seulement<\/strong> au cours des soldes ou ventes priv\u00e9es !<\/p>\t\t\t\t\t\t<\/div>\n\t\t\t\t<\/div>\n\t\t\t\t\t<\/div>\n\t\t<\/div>\n\t\t\t\t\t\t\t<\/div>\n\t\t<\/section>\n\t\t\t\t\t\t\t<\/div>\n\t\t","protected":false},"excerpt":{"rendered":"<p>EasyConso regroupe les 5 soci\u00e9t\u00e9s suivantes. Chacune d&rsquo;entre elles op\u00e8rent dans un secteur d&rsquo;activit\u00e9 diff\u00e9rent.\u00a0 \u00a0 Serial Burger, votre nouveau concept Bistrot-Burger, vous propose de d\u00e9guster des\u00a0BURGERS de qualit\u00e9\u00a0tout en profitant d\u2019un cadre agr\u00e9able et chaleureux o\u00f9\u00a0l\u2019univers des S\u00e9ries TV, des ann\u00e9es 80 \u00e0 nos jours, vous fera revivre d\u2019innombrables souvenirs. Id\u00e9als pour tous types &hellip; <\/p>\n<p class=\"link-more\"><a href=\"https:\/\/easyconso.com\/\" class=\"more-link\">Continuer la lecture<span class=\"screen-reader-text\"> de &laquo;&nbsp;Acceuil&nbsp;&raquo;<\/span><\/a><\/p>\n","protected":false},"author":1,"featured_media":0,"parent":0,"menu_order":0,"comment_status":"closed","ping_status":"closed","template":"","meta":[],"_links":{"self":[{"href":"https:\/\/easyconso.com\/index.php\/wp-json\/wp\/v2\/pages\/120"}],"collection":[{"href":"https:\/\/easyconso.com\/index.php\/wp-json\/wp\/v2\/pages"}],"about":[{"href":"https:\/\/easyconso.com\/index.php\/wp-json\/wp\/v2\/types\/page"}],"author":[{"embeddable":true,"href":"https:\/\/easyconso.com\/index.php\/wp-json\/wp\/v2\/users\/1"}],"replies":[{"embeddable":true,"href":"https:\/\/easyconso.com\/index.php\/wp-json\/wp\/v2\/comments?post=120"}],"version-history":[{"count":22,"href":"https:\/\/easyconso.com\/index.php\/wp-json\/wp\/v2\/pages\/120\/revisions"}],"predecessor-version":[{"id":179,"href":"https:\/\/easyconso.com\/index.php\/wp-json\/wp\/v2\/pages\/120\/revisions\/179"}],"wp:attachment":[{"href":"https:\/\/easyconso.com\/index.php\/wp-json\/wp\/v2\/media?parent=120"}],"curies":[{"name":"wp","href":"https:\/\/api.w.org\/{rel}","templated":true}]}}